{"id":12,"date":"2024-09-27T07:05:46","date_gmt":"2024-09-27T07:05:46","guid":{"rendered":"https:\/\/icomtest.it\/apolloni\/?page_id=12"},"modified":"2024-09-30T09:43:57","modified_gmt":"2024-09-30T09:43:57","slug":"chi-siamo","status":"publish","type":"page","link":"https:\/\/icomtest.it\/apolloni\/chi-siamo\/","title":{"rendered":"Chi siamo"},"content":{"rendered":"\t\t<div data-elementor-type=\"wp-page\" data-elementor-id=\"12\" class=\"elementor elementor-12\" data-elementor-post-type=\"page\">\n\t\t\t\t<div class=\"elementor-element elementor-element-da644c1 e-flex e-con-boxed e-con e-parent\" data-id=\"da644c1\" data-element_type=\"container\" data-settings=\"{&quot;background_background&quot;:&quot;classic&quot;}\">\n\t\t\t\t\t<div class=\"e-con-inner\">\n\t\t<div class=\"elementor-element elementor-element-e903e38 e-con-full e-flex e-con e-child\" data-id=\"e903e38\" data-element_type=\"container\" data-settings=\"{&quot;background_background&quot;:&quot;classic&quot;}\">\n\t\t\t\t<div class=\"elementor-element elementor-element-9285514 elementor-widget elementor-widget-text-editor\" data-id=\"9285514\" data-element_type=\"widget\" data-widget_type=\"text-editor.default\">\n\t\t\t\t<div class=\"elementor-widget-container\">\n\t\t\t\t\t\t\t<p>Chi siamo<\/p>\t\t\t\t\t\t<\/div>\n\t\t\t\t<\/div>\n\t\t\t\t<div class=\"elementor-element elementor-element-52d60ca elementor-widget elementor-widget-text-editor\" data-id=\"52d60ca\" data-element_type=\"widget\" data-widget_type=\"text-editor.default\">\n\t\t\t\t<div class=\"elementor-widget-container\">\n\t\t\t\t\t\t\t<p class=\"font_9\"><span class=\"color_37\"><strong>Apolloni Francesco Srl Unipersonale<\/strong><br \/><br \/>L&#8217;azienda viene fondata da Francesco Apolloni nel Giugno 2013. Dopo una lunga esperienza nel settore delle lavorazioni metalliche, affiancato dal fratello Antonio con il quale, nel 1996 danno vita all&#8217;Officina Apolloni, Francesco decide di intraprendere una nuova strada in questo settore aprendo l&#8217;azienda Fran<\/span><span class=\"color_37\">cesco Apolloni Srl come unico socio, spingendosi oltre al semplice lavoro artigianale.\u00a0<\/span><\/p><p class=\"font_9\"><span class=\"color_37\">\u200b<\/span><span class=\"color_37\">Nel 2020 l&#8217;azienda si trasferisce nell&#8217;attuale sede in Via Vegri 43 a Zan\u00e8, dove trova uno spazio ampio di propriet\u00e0 che permette l&#8217;espansione dell&#8217;attivit\u00e0.<\/span><\/p>\t\t\t\t\t\t<\/div>\n\t\t\t\t<\/div>\n\t\t\t\t<\/div>\n\t\t\t\t\t<\/div>\n\t\t\t\t<\/div>\n\t\t<div class=\"elementor-element elementor-element-6eb959e e-con-full e-flex e-con e-parent\" data-id=\"6eb959e\" data-element_type=\"container\" data-settings=\"{&quot;background_background&quot;:&quot;classic&quot;}\">\n\t\t<div class=\"elementor-element elementor-element-99bea34 e-con-full e-flex e-con e-child\" data-id=\"99bea34\" data-element_type=\"container\" data-settings=\"{&quot;background_background&quot;:&quot;classic&quot;}\">\n\t\t\t\t<\/div>\n\t\t<div class=\"elementor-element elementor-element-89feba2 e-con-full e-flex e-con e-child\" data-id=\"89feba2\" data-element_type=\"container\" data-settings=\"{&quot;background_background&quot;:&quot;classic&quot;}\">\n\t\t\t\t<div class=\"elementor-element elementor-element-a1ad24e elementor-widget elementor-widget-text-editor\" data-id=\"a1ad24e\" data-element_type=\"widget\" data-widget_type=\"text-editor.default\">\n\t\t\t\t<div class=\"elementor-widget-container\">\n\t\t\t\t\t\t\t<p>Lavorazioni<\/p>\t\t\t\t\t\t<\/div>\n\t\t\t\t<\/div>\n\t\t\t\t<div class=\"elementor-element elementor-element-48836f9 elementor-widget elementor-widget-text-editor\" data-id=\"48836f9\" data-element_type=\"widget\" data-widget_type=\"text-editor.default\">\n\t\t\t\t<div class=\"elementor-widget-container\">\n\t\t\t\t\t\t\t<p>Francesco Apolloni S.r.l. oltre a continuare con le lavorazioni metalliche legate alla tradizione, sta portando il valore dell&#8217;artigianalit\u00e0 nel mondo del design moderno, sviluppando interessanti progetti di arredo di interni sia per privati che per locali pubblici e negozi grazie anche a collaborazioni con architetti, geometri, ingegneri e aziende di spessore e noti marchi come Ronda S.p.a., Legnopan S.p.a., Univer S.r.l., Segala S.r.l., Omero S.r.l., Vast&amp;Fast S.r.l., FAI Zan\u00e8 S.p.a.<\/p><p>\u200b<\/p><p>Le principali lavorazioni che realizziamo sono:<\/p><ul><li><p>Arredo e design<\/p><\/li><li><p>Scale e parapetti<\/p><\/li><li><p>Gazebi, pensiline e tettoie<\/p><\/li><li><p>cancelli e recinzioni<\/p><\/li><li><p>Porte di sicurezza e inferriate<\/p><\/li><li><p>Carpenteria e riparazioni\u200b<\/p><\/li><li><p>TAGLIO LASER LAMIERA E TUBO<\/p><\/li><li><p>PIEGATURA<\/p><\/li><\/ul>\t\t\t\t\t\t<\/div>\n\t\t\t\t<\/div>\n\t\t\t\t<\/div>\n\t\t\t\t<\/div>\n\t\t<div class=\"elementor-element elementor-element-2bc0d24 e-con-full e-flex e-con e-parent\" data-id=\"2bc0d24\" data-element_type=\"container\" data-settings=\"{&quot;background_background&quot;:&quot;classic&quot;}\">\n\t\t<div class=\"elementor-element elementor-element-9d6d335 e-con-full e-flex e-con e-child\" data-id=\"9d6d335\" data-element_type=\"container\" data-settings=\"{&quot;background_background&quot;:&quot;classic&quot;}\">\n\t\t\t\t<div class=\"elementor-element elementor-element-d2f25ca elementor-widget elementor-widget-text-editor\" data-id=\"d2f25ca\" data-element_type=\"widget\" data-widget_type=\"text-editor.default\">\n\t\t\t\t<div class=\"elementor-widget-container\">\n\t\t\t\t\t\t\t<p>L&#8217;azienda oggi<\/p>\t\t\t\t\t\t<\/div>\n\t\t\t\t<\/div>\n\t\t\t\t<div class=\"elementor-element elementor-element-624a145 elementor-widget elementor-widget-text-editor\" data-id=\"624a145\" data-element_type=\"widget\" data-widget_type=\"text-editor.default\">\n\t\t\t\t<div class=\"elementor-widget-container\">\n\t\t\t\t\t\t\t<p>L&#8217;azienda oggi dispone di un ufficio tecnico che sviluppa i progetti dalla fase di rilievo in cantiere, al disegno esecutivo, fino al monitoraggio della posa in opera. Alla base di questo lavoro c&#8217;\u00e8 la continua comunicazione con la committenza: ogni richiesta formale ed estetica viene supportata da un&#8217;esperienza tecnica che trova sempre la giusta soluzione per andare incontro alle aspettative del cliente. I tratti distintivi della produzione sono l&#8217;attenzione\u00a0costante\u00a0alle finiture e ai dettagli ed il profondo know-how dei materiali.<\/p>\t\t\t\t\t\t<\/div>\n\t\t\t\t<\/div>\n\t\t\t\t<\/div>\n\t\t<div class=\"elementor-element elementor-element-1d2f8f4 e-con-full e-flex e-con e-child\" data-id=\"1d2f8f4\" data-element_type=\"container\" data-settings=\"{&quot;background_background&quot;:&quot;classic&quot;}\">\n\t\t\t\t<\/div>\n\t\t\t\t<\/div>\n\t\t\t\t<\/div>\n\t\t","protected":false},"excerpt":{"rendered":"<p>Chi siamo Apolloni Francesco Srl Unipersonale L&#8217;azienda viene fondata da Francesco Apolloni nel Giugno 2013. Dopo una lunga esperienza nel settore delle lavorazioni metalliche, affiancato dal fratello Antonio con il quale, nel 1996 danno vita all&#8217;Officina Apolloni, Francesco decide di intraprendere una nuova strada in questo settore aprendo l&#8217;azienda Francesco Apolloni Srl come unico socio, [&hellip;]<\/p>\n","protected":false},"author":1,"featured_media":0,"parent":0,"menu_order":0,"comment_status":"closed","ping_status":"closed","template":"","meta":{"footnotes":""},"class_list":["post-12","page","type-page","status-publish","hentry"],"_links":{"self":[{"href":"https:\/\/icomtest.it\/apolloni\/wp-json\/wp\/v2\/pages\/12","targetHints":{"allow":["GET"]}}],"collection":[{"href":"https:\/\/icomtest.it\/apolloni\/wp-json\/wp\/v2\/pages"}],"about":[{"href":"https:\/\/icomtest.it\/apolloni\/wp-json\/wp\/v2\/types\/page"}],"author":[{"embeddable":true,"href":"https:\/\/icomtest.it\/apolloni\/wp-json\/wp\/v2\/users\/1"}],"replies":[{"embeddable":true,"href":"https:\/\/icomtest.it\/apolloni\/wp-json\/wp\/v2\/comments?post=12"}],"version-history":[{"count":8,"href":"https:\/\/icomtest.it\/apolloni\/wp-json\/wp\/v2\/pages\/12\/revisions"}],"predecessor-version":[{"id":207,"href":"https:\/\/icomtest.it\/apolloni\/wp-json\/wp\/v2\/pages\/12\/revisions\/207"}],"wp:attachment":[{"href":"https:\/\/icomtest.it\/apolloni\/wp-json\/wp\/v2\/media?parent=12"}],"curies":[{"name":"wp","href":"https:\/\/api.w.org\/{rel}","templated":true}]}}