{"id":16,"date":"2024-09-27T07:06:13","date_gmt":"2024-09-27T07:06:13","guid":{"rendered":"https:\/\/icomtest.it\/apolloni\/?page_id=16"},"modified":"2024-10-17T14:41:37","modified_gmt":"2024-10-17T14:41:37","slug":"cancelli-e-inferriate","status":"publish","type":"page","link":"https:\/\/icomtest.it\/apolloni\/cancelli-e-inferriate\/","title":{"rendered":"Cancelli e inferriate"},"content":{"rendered":"\t\t<div data-elementor-type=\"wp-page\" data-elementor-id=\"16\" class=\"elementor elementor-16\" data-elementor-post-type=\"page\">\n\t\t\t\t<div class=\"elementor-element elementor-element-2e55642 e-flex e-con-boxed e-con e-parent\" data-id=\"2e55642\" data-element_type=\"container\" data-settings=\"{&quot;background_background&quot;:&quot;classic&quot;}\">\n\t\t\t\t\t<div class=\"e-con-inner\">\n\t\t<div class=\"elementor-element elementor-element-d594b53 e-con-full e-flex e-con e-child\" data-id=\"d594b53\" data-element_type=\"container\" data-settings=\"{&quot;background_background&quot;:&quot;classic&quot;}\">\n\t\t\t\t<div class=\"elementor-element elementor-element-56e1475 elementor-widget elementor-widget-text-editor\" data-id=\"56e1475\" data-element_type=\"widget\" data-widget_type=\"text-editor.default\">\n\t\t\t\t<div class=\"elementor-widget-container\">\n\t\t\t\t\t\t\t<p>Cancelli e Inferriate<\/p>\t\t\t\t\t\t<\/div>\n\t\t\t\t<\/div>\n\t\t\t\t<div class=\"elementor-element elementor-element-2d17595 elementor-widget elementor-widget-text-editor\" data-id=\"2d17595\" data-element_type=\"widget\" data-widget_type=\"text-editor.default\">\n\t\t\t\t<div class=\"elementor-widget-container\">\n\t\t\t\t\t\t\t<p class=\"font_8\">Le lavorazioni che proponiamo per la realizzazione di cancelli e inferriate sono molteplici: dagli eleganti e senza tempo cancelli in ferro battuto ai cancelli moderni in lamiera, corten e tubolari.<\/p>\n<p class=\"font_8\">\n<\/p><p class=\"font_8\"><b>Ma perch\u00e8 il ferro?<\/b><\/p>\n<ul class=\"font_8\">\n<li>\n<p class=\"font_8\">Il ferro \u00e8 un materiale che offre un lunga durata nel corso del tempo.<\/p>\n<\/li>\n<li>\n<p class=\"font_8\">Viene impiegato per realizzare strutture resistenti e le sue propriet\u00e0 tecniche lo rendono adatto ad un\u2019installazione in ambienti esterni.<\/p>\n<\/li>\n<li>\n<p class=\"font_8\">E&#8217; un materiale duttile e pu\u00f2 essere plasmato secondo volont\u00e0 per dare vita a cancelli pi\u00f9 o meno decorati, dalle forme e dalle dimensioni personali.<\/p>\n<\/li>\n<li>\n<p class=\"font_8\">Le sue caratteristiche sono la durezza, l\u2019elevata durata, la resistenza alla pressione che ne impedisce la deformazione nel corso del tempo e ne garantisce la resistenza agli agenti atmosferici.<\/p>\n<\/li>\n<li>\n<p class=\"font_8\">Il ferro destinato alla realizzazione di sistemi esterni viene infatti trattato con operazioni aggiuntive come la zincatura o verniciatura, che permettono al materiale di diventare resistente agli agenti atmosferici.<\/p>\n<\/li>\n<\/ul>\t\t\t\t\t\t<\/div>\n\t\t\t\t<\/div>\n\t\t\t\t<\/div>\n\t\t\t\t\t<\/div>\n\t\t\t\t<\/div>\n\t\t<div class=\"elementor-element elementor-element-a36be2d e-flex e-con-boxed e-con e-parent\" data-id=\"a36be2d\" data-element_type=\"container\" data-settings=\"{&quot;background_background&quot;:&quot;classic&quot;}\">\n\t\t\t\t\t<div class=\"e-con-inner\">\n\t\t<div class=\"elementor-element elementor-element-f700fff e-con-full e-flex e-con e-child\" data-id=\"f700fff\" data-element_type=\"container\">\n\t\t<div class=\"elementor-element elementor-element-edbff56 e-con-full e-flex e-con e-child\" data-id=\"edbff56\" data-element_type=\"container\" data-settings=\"{&quot;background_background&quot;:&quot;classic&quot;}\">\n\t\t\t\t<\/div>\n\t\t<div class=\"elementor-element elementor-element-90d833e e-con-full e-flex e-con e-child\" data-id=\"90d833e\" data-element_type=\"container\" data-settings=\"{&quot;background_background&quot;:&quot;classic&quot;}\">\n\t\t\t\t<div class=\"elementor-element elementor-element-b3770ee elementor-widget elementor-widget-text-editor\" data-id=\"b3770ee\" data-element_type=\"widget\" data-widget_type=\"text-editor.default\">\n\t\t\t\t<div class=\"elementor-widget-container\">\n\t\t\t\t\t\t\t<p><span style=\"color: #000000;\"><a style=\"color: #000000;\" href=\"https:\/\/icomtest.it\/apolloni\/cancelli-e-inferriate\/cancelli-e-inferriate-in-ferro-battuto\/\">Cancelli in ferro battuto<\/a><\/span><\/p>\t\t\t\t\t\t<\/div>\n\t\t\t\t<\/div>\n\t\t\t\t<div class=\"elementor-element elementor-element-36296cb elementor-widget elementor-widget-text-editor\" data-id=\"36296cb\" data-element_type=\"widget\" data-widget_type=\"text-editor.default\">\n\t\t\t\t<div class=\"elementor-widget-container\">\n\t\t\t\t\t\t\t<p><a>Cancelli realizzati su misura e decorati in base alle proprie preferenze estetiche.<\/a><\/p>\t\t\t\t\t\t<\/div>\n\t\t\t\t<\/div>\n\t\t\t\t<\/div>\n\t\t\t\t<\/div>\n\t\t<div class=\"elementor-element elementor-element-6decee9 e-con-full e-flex e-con e-child\" data-id=\"6decee9\" data-element_type=\"container\">\n\t\t<div class=\"elementor-element elementor-element-65d90df e-con-full e-flex e-con e-child\" data-id=\"65d90df\" data-element_type=\"container\" data-settings=\"{&quot;background_background&quot;:&quot;classic&quot;}\">\n\t\t\t\t<\/div>\n\t\t<div class=\"elementor-element elementor-element-c7bae5b e-con-full e-flex e-con e-child\" data-id=\"c7bae5b\" data-element_type=\"container\" data-settings=\"{&quot;background_background&quot;:&quot;classic&quot;}\">\n\t\t\t\t<div class=\"elementor-element elementor-element-9892a72 elementor-widget elementor-widget-text-editor\" data-id=\"9892a72\" data-element_type=\"widget\" data-widget_type=\"text-editor.default\">\n\t\t\t\t<div class=\"elementor-widget-container\">\n\t\t\t\t\t\t\t<p><span style=\"color: #000000;\"><a style=\"color: #000000;\" href=\"https:\/\/icomtest.it\/apolloni\/cancelli-e-inferriate\/cancelli-e-inferriate-in-ferro-battuto\/\">Inferriate in ferro battuto<\/a><\/span><\/p>\t\t\t\t\t\t<\/div>\n\t\t\t\t<\/div>\n\t\t\t\t<div class=\"elementor-element elementor-element-4c14c82 elementor-widget elementor-widget-text-editor\" data-id=\"4c14c82\" data-element_type=\"widget\" data-widget_type=\"text-editor.default\">\n\t\t\t\t<div class=\"elementor-widget-container\">\n\t\t\t\t\t\t\t<p><a>Inferriate per porte e finestre realizzate su misura e decorate in base alle proprie preferenze.<\/a><\/p>\t\t\t\t\t\t<\/div>\n\t\t\t\t<\/div>\n\t\t\t\t<\/div>\n\t\t\t\t<\/div>\n\t\t<div class=\"elementor-element elementor-element-41c4385 e-con-full e-flex e-con e-child\" data-id=\"41c4385\" data-element_type=\"container\">\n\t\t<div class=\"elementor-element elementor-element-1023c39 e-con-full e-flex e-con e-child\" data-id=\"1023c39\" data-element_type=\"container\" data-settings=\"{&quot;background_background&quot;:&quot;classic&quot;}\">\n\t\t\t\t<\/div>\n\t\t<div class=\"elementor-element elementor-element-ab0c45e e-con-full e-flex e-con e-child\" data-id=\"ab0c45e\" data-element_type=\"container\" data-settings=\"{&quot;background_background&quot;:&quot;classic&quot;}\">\n\t\t\t\t<div class=\"elementor-element elementor-element-fccb3a3 elementor-widget elementor-widget-text-editor\" data-id=\"fccb3a3\" data-element_type=\"widget\" data-widget_type=\"text-editor.default\">\n\t\t\t\t<div class=\"elementor-widget-container\">\n\t\t\t\t\t\t\t<p><span style=\"color: #000000;\"><a style=\"color: #000000;\" href=\"https:\/\/icomtest.it\/apolloni\/cancelli-e-inferriate\/cancelli-in-lamiera\/\">Cancelli in lamiera<\/a><\/span><\/p>\t\t\t\t\t\t<\/div>\n\t\t\t\t<\/div>\n\t\t\t\t<div class=\"elementor-element elementor-element-7bb1c85 elementor-widget elementor-widget-text-editor\" data-id=\"7bb1c85\" data-element_type=\"widget\" data-widget_type=\"text-editor.default\">\n\t\t\t\t<div class=\"elementor-widget-container\">\n\t\t\t\t\t\t\t<p><a>Cancelli con supporto in tubolare e lamiera a scelta per una maggior privacy.<\/a><\/p>\t\t\t\t\t\t<\/div>\n\t\t\t\t<\/div>\n\t\t\t\t<\/div>\n\t\t\t\t<\/div>\n\t\t\t\t\t<\/div>\n\t\t\t\t<\/div>\n\t\t<div class=\"elementor-element elementor-element-f88a30d e-con-full e-flex e-con e-parent\" data-id=\"f88a30d\" data-element_type=\"container\" data-settings=\"{&quot;background_background&quot;:&quot;classic&quot;}\">\n\t\t<div class=\"elementor-element elementor-element-c056ee6 e-con-full e-flex e-con e-child\" data-id=\"c056ee6\" data-element_type=\"container\">\n\t\t\t\t<div class=\"elementor-element elementor-element-1a9f1b0 elementor-widget elementor-widget-image-gallery\" data-id=\"1a9f1b0\" data-element_type=\"widget\" data-widget_type=\"image-gallery.default\">\n\t\t\t\t<div class=\"elementor-widget-container\">\n\t\t\t\t\t<div class=\"elementor-image-gallery\">\n\t\t\t<div id='gallery-1' class='gallery galleryid-16 gallery-columns-3 gallery-size-full'><figure class='gallery-item'>\n\t\t\t<div class='gallery-icon landscape'>\n\t\t\t\t<a data-elementor-open-lightbox=\"yes\" data-elementor-lightbox-slideshow=\"1a9f1b0\" data-elementor-lightbox-title=\"DSCN0504\" data-e-action-hash=\"#elementor-action%3Aaction%3Dlightbox%26settings%3DeyJpZCI6MTUyLCJ1cmwiOiJodHRwczpcL1wvaWNvbXRlc3QuaXRcL2Fwb2xsb25pXC93cC1jb250ZW50XC91cGxvYWRzXC8yMDI0XC8wOVwvRFNDTjA1MDQtc2NhbGVkLmpwZyIsInNsaWRlc2hvdyI6IjFhOWYxYjAifQ%3D%3D\" href='https:\/\/icomtest.it\/apolloni\/wp-content\/uploads\/2024\/09\/DSCN0504-scaled.jpg'><img fetchpriority=\"high\" decoding=\"async\" width=\"2560\" height=\"1920\" src=\"https:\/\/icomtest.it\/apolloni\/wp-content\/uploads\/2024\/09\/DSCN0504-scaled.jpg\" class=\"attachment-full size-full\" alt=\"\" srcset=\"https:\/\/icomtest.it\/apolloni\/wp-content\/uploads\/2024\/09\/DSCN0504-scaled.jpg 2560w, https:\/\/icomtest.it\/apolloni\/wp-content\/uploads\/2024\/09\/DSCN0504-300x225.jpg 300w, https:\/\/icomtest.it\/apolloni\/wp-content\/uploads\/2024\/09\/DSCN0504-1024x768.jpg 1024w, https:\/\/icomtest.it\/apolloni\/wp-content\/uploads\/2024\/09\/DSCN0504-768x576.jpg 768w, https:\/\/icomtest.it\/apolloni\/wp-content\/uploads\/2024\/09\/DSCN0504-1536x1152.jpg 1536w, https:\/\/icomtest.it\/apolloni\/wp-content\/uploads\/2024\/09\/DSCN0504-2048x1536.jpg 2048w\" sizes=\"(max-width: 2560px) 100vw, 2560px\" \/><\/a>\n\t\t\t<\/div><\/figure><figure class='gallery-item'>\n\t\t\t<div class='gallery-icon landscape'>\n\t\t\t\t<a data-elementor-open-lightbox=\"yes\" data-elementor-lightbox-slideshow=\"1a9f1b0\" data-elementor-lightbox-title=\"DSCN3619\" data-e-action-hash=\"#elementor-action%3Aaction%3Dlightbox%26settings%3DeyJpZCI6MTU1LCJ1cmwiOiJodHRwczpcL1wvaWNvbXRlc3QuaXRcL2Fwb2xsb25pXC93cC1jb250ZW50XC91cGxvYWRzXC8yMDI0XC8wOVwvRFNDTjM2MTktc2NhbGVkLmpwZyIsInNsaWRlc2hvdyI6IjFhOWYxYjAifQ%3D%3D\" href='https:\/\/icomtest.it\/apolloni\/wp-content\/uploads\/2024\/09\/DSCN3619-scaled.jpg'><img decoding=\"async\" width=\"2560\" height=\"1920\" src=\"https:\/\/icomtest.it\/apolloni\/wp-content\/uploads\/2024\/09\/DSCN3619-scaled.jpg\" class=\"attachment-full size-full\" alt=\"\" srcset=\"https:\/\/icomtest.it\/apolloni\/wp-content\/uploads\/2024\/09\/DSCN3619-scaled.jpg 2560w, https:\/\/icomtest.it\/apolloni\/wp-content\/uploads\/2024\/09\/DSCN3619-300x225.jpg 300w, https:\/\/icomtest.it\/apolloni\/wp-content\/uploads\/2024\/09\/DSCN3619-1024x768.jpg 1024w, https:\/\/icomtest.it\/apolloni\/wp-content\/uploads\/2024\/09\/DSCN3619-768x576.jpg 768w, https:\/\/icomtest.it\/apolloni\/wp-content\/uploads\/2024\/09\/DSCN3619-1536x1152.jpg 1536w, https:\/\/icomtest.it\/apolloni\/wp-content\/uploads\/2024\/09\/DSCN3619-2048x1536.jpg 2048w\" sizes=\"(max-width: 2560px) 100vw, 2560px\" \/><\/a>\n\t\t\t<\/div><\/figure><figure class='gallery-item'>\n\t\t\t<div class='gallery-icon landscape'>\n\t\t\t\t<a data-elementor-open-lightbox=\"yes\" data-elementor-lightbox-slideshow=\"1a9f1b0\" data-elementor-lightbox-title=\"DSCN0617 copia\" data-e-action-hash=\"#elementor-action%3Aaction%3Dlightbox%26settings%3DeyJpZCI6MTUzLCJ1cmwiOiJodHRwczpcL1wvaWNvbXRlc3QuaXRcL2Fwb2xsb25pXC93cC1jb250ZW50XC91cGxvYWRzXC8yMDI0XC8wOVwvRFNDTjA2MTctY29waWEtc2NhbGVkLmpwZyIsInNsaWRlc2hvdyI6IjFhOWYxYjAifQ%3D%3D\" href='https:\/\/icomtest.it\/apolloni\/wp-content\/uploads\/2024\/09\/DSCN0617-copia-scaled.jpg'><img decoding=\"async\" width=\"2560\" height=\"1920\" src=\"https:\/\/icomtest.it\/apolloni\/wp-content\/uploads\/2024\/09\/DSCN0617-copia-scaled.jpg\" class=\"attachment-full size-full\" alt=\"\" srcset=\"https:\/\/icomtest.it\/apolloni\/wp-content\/uploads\/2024\/09\/DSCN0617-copia-scaled.jpg 2560w, https:\/\/icomtest.it\/apolloni\/wp-content\/uploads\/2024\/09\/DSCN0617-copia-300x225.jpg 300w, https:\/\/icomtest.it\/apolloni\/wp-content\/uploads\/2024\/09\/DSCN0617-copia-1024x768.jpg 1024w, https:\/\/icomtest.it\/apolloni\/wp-content\/uploads\/2024\/09\/DSCN0617-copia-768x576.jpg 768w, https:\/\/icomtest.it\/apolloni\/wp-content\/uploads\/2024\/09\/DSCN0617-copia-1536x1152.jpg 1536w, https:\/\/icomtest.it\/apolloni\/wp-content\/uploads\/2024\/09\/DSCN0617-copia-2048x1536.jpg 2048w\" sizes=\"(max-width: 2560px) 100vw, 2560px\" \/><\/a>\n\t\t\t<\/div><\/figure>\n\t\t<\/div>\n\t\t<\/div>\n\t\t\t\t<\/div>\n\t\t\t\t<\/div>\n\t\t\t\t<\/div>\n\t\t\t\t<\/div>\n\t\t\t\t<\/div>\n\t\t","protected":false},"excerpt":{"rendered":"<p>Cancelli e Inferriate Le lavorazioni che proponiamo per la realizzazione di cancelli e inferriate sono molteplici: dagli eleganti e senza tempo cancelli in ferro battuto ai cancelli moderni in lamiera, corten e tubolari. Ma perch\u00e8 il ferro? Il ferro \u00e8 un materiale che offre un lunga durata nel corso del tempo. Viene impiegato per realizzare [&hellip;]<\/p>\n","protected":false},"author":1,"featured_media":0,"parent":0,"menu_order":0,"comment_status":"closed","ping_status":"closed","template":"","meta":{"footnotes":""},"class_list":["post-16","page","type-page","status-publish","hentry"],"_links":{"self":[{"href":"https:\/\/icomtest.it\/apolloni\/wp-json\/wp\/v2\/pages\/16","targetHints":{"allow":["GET"]}}],"collection":[{"href":"https:\/\/icomtest.it\/apolloni\/wp-json\/wp\/v2\/pages"}],"about":[{"href":"https:\/\/icomtest.it\/apolloni\/wp-json\/wp\/v2\/types\/page"}],"author":[{"embeddable":true,"href":"https:\/\/icomtest.it\/apolloni\/wp-json\/wp\/v2\/users\/1"}],"replies":[{"embeddable":true,"href":"https:\/\/icomtest.it\/apolloni\/wp-json\/wp\/v2\/comments?post=16"}],"version-history":[{"count":19,"href":"https:\/\/icomtest.it\/apolloni\/wp-json\/wp\/v2\/pages\/16\/revisions"}],"predecessor-version":[{"id":380,"href":"https:\/\/icomtest.it\/apolloni\/wp-json\/wp\/v2\/pages\/16\/revisions\/380"}],"wp:attachment":[{"href":"https:\/\/icomtest.it\/apolloni\/wp-json\/wp\/v2\/media?parent=16"}],"curies":[{"name":"wp","href":"https:\/\/api.w.org\/{rel}","templated":true}]}}